{"id":2457,"date":"2023-05-19T09:03:20","date_gmt":"2023-05-19T07:03:20","guid":{"rendered":"https:\/\/bwellclinic.es\/informativa-sui-cookie\/"},"modified":"2023-07-06T10:55:42","modified_gmt":"2023-07-06T08:55:42","slug":"informativa-sui-cookie","status":"publish","type":"page","link":"https:\/\/bwellclinic.es\/it\/informativa-sui-cookie\/","title":{"rendered":"Informativa sui cookie"},"content":{"rendered":"\n<p>BWELL360, S.L.U, di seguito denominata BWELL, informa sull&#8217;uso dei cookie sul sito web www.bwellclinic.es (di seguito denominato &#8220;Sito web&#8221;) e sulle loro finalit\u00e0. Si ritiene che l&#8217;utente acconsenta al loro utilizzo navigando nel sito web.<\/p>\n\n<p>I.- Cosa sono i cookie?<br\/>Un cookie \u00e8 un file che viene scaricato sul dispositivo dell&#8217;utente quando accede a determinate pagine web. I cookie consentono a un sito web, tra l&#8217;altro, di memorizzare e recuperare informazioni sulle abitudini di navigazione di un utente o sulla sua apparecchiatura e, a seconda delle informazioni contenute e del modo in cui l&#8217;utente utilizza la sua apparecchiatura, possono essere utilizzati per riconoscere l&#8217;utente. L&#8217;uso dei cookie migliora la navigazione sul sito web e in nessun caso essi contengono malware o virus.<\/p>\n\n<p>II.- Tipi di cookie e classificazione<br\/>I cookie possono essere classificati in diverse categorie. Tuttavia, va notato che lo stesso cookie pu\u00f2 rientrare in pi\u00f9 di una categoria.<br\/>Categorie:<\/p>\n\n<p>1.- A seconda dell&#8217;ente che li gestisce. A seconda dell&#8217;apparecchiatura da cui vengono inviati i cookie, possiamo distinguere tra:<br\/>&#8211; Cookie propri: i cookie propri sono quelli gestiti da BWELL.<br\/>&#8211; Cookie di terze parti: quei cookie gestiti da un computer o da un dominio non gestito da BWELL.<\/p>\n\n<p>Nel caso in cui i cookie siano installati da un computer o da un dominio gestito da BWELL ma le informazioni raccolte attraverso di essi siano gestite da una terza parte, non possono essere considerati cookie propri.<\/p>\n\n<p>2.- In base al tempo in cui rimangono attivi.<\/p>\n\n<p>&#8211; Cookie di sessione: si tratta di un tipo di cookie progettato per raccogliere e memorizzare i dati durante l&#8217;accesso dell&#8217;utente a un sito web.<br\/>Di solito vengono utilizzati per memorizzare informazioni rilevanti solo per la fornitura del servizio richiesto dall&#8217;utente in una singola occasione (ad esempio, un elenco di prodotti acquistati).<\/p>\n\n<p>&#8211; Cookie persistenti: Si tratta di un tipo di cookie in cui i dati rimangono memorizzati nel terminale e possono essere consultati ed elaborati per un periodo definito dal responsabile del cookie, che pu\u00f2 variare da pochi minuti a diversi anni.<\/p>\n\n<p>3.- In base al loro scopo<\/p>\n\n<p>&#8211; Cookie tecnici: sono quelli che permettono all&#8217;utente di navigare su un sito web, una piattaforma o un&#8217;applicazione e di utilizzare le diverse opzioni o servizi presenti su di essa come, ad esempio, il controllo del traffico e della comunicazione dei dati, l&#8217;identificazione della sessione, l&#8217;accesso a parti ad accesso limitato, la memorizzazione degli elementi che compongono un ordine, l&#8217;esecuzione del processo di acquisto di un ordine, la richiesta di registrazione o la partecipazione a un evento, l&#8217;utilizzo di elementi di sicurezza durante la navigazione, la memorizzazione di contenuti per la diffusione di video o suoni o la condivisione di contenuti attraverso i social network.<\/p>\n\n<p>&#8211; Cookie di personalizzazione: questi cookie consentono all&#8217;utente di accedere al servizio con alcune caratteristiche generali predefinite in base a una serie di criteri presenti nel terminale dell&#8217;utente, come la lingua, il tipo di browser utilizzato per accedere al servizio, la configurazione regionale da cui si accede al servizio, ecc.<\/p>\n\n<p>&#8211; Cookie di analisi: questi cookie consentono al responsabile di monitorare e analizzare il comportamento degli utenti dei siti web a cui sono collegati. Le informazioni raccolte attraverso questo tipo di cookie vengono utilizzate per misurare l&#8217;attivit\u00e0 dei siti web, delle applicazioni o delle piattaforme e per l&#8217;elaborazione di profili di navigazione degli utenti di tali siti, applicazioni e piattaforme, al fine di introdurre miglioramenti basati sull&#8217;analisi dei dati relativi all&#8217;utilizzo da parte degli utenti del servizio.<\/p>\n\n<p>&#8211; Cookie pubblicitari: sono quelli che consentono di gestire, nel modo pi\u00f9 efficace possibile, gli spazi pubblicitari che, se del caso, l&#8217;editore ha inserito in un sito web, un&#8217;applicazione o una piattaforma da cui viene fornito il servizio richiesto, in base a criteri quali il contenuto modificato o la frequenza con cui vengono mostrati gli annunci.<\/p>\n\n<p>&#8211; Cookie di pubblicit\u00e0 comportamentale: questi cookie consentono di gestire nel modo pi\u00f9 efficace possibile gli spazi pubblicitari che, se del caso, l&#8217;editore ha inserito su un sito web, un&#8217;applicazione o una piattaforma da cui viene fornito il servizio richiesto. Questi cookie memorizzano informazioni sul comportamento degli utenti ottenute attraverso l&#8217;osservazione continua delle loro abitudini di navigazione, che consentono di sviluppare un profilo specifico per mostrare pubblicit\u00e0 basata sullo stesso.<\/p>\n\n<p>BWELL utilizza cookie propri e di terze parti per memorizzare informazioni sul browser utilizzato per accedere al Sito, sulla lingua scelta dall&#8217;utente e su altre caratteristiche predefinite dall&#8217;utente. Ci permettono inoltre di analizzare l&#8217;attivit\u00e0 delle pagine per apportare i miglioramenti necessari a offrire un&#8217;esperienza di navigazione pi\u00f9 personalizzata. Loia non utilizza cookie pubblicitari e di pubblicit\u00e0 comportamentale.<\/p>\n\n<p>III.- Cookie utilizzati da bwell<br\/>In particolare, BWELL utilizza i seguenti cookie:<br\/>&#8211; Trp_current_language: cookie tecnico persistente utilizzato per visualizzare i contenuti della pagina web nella lingua del Paese da cui l&#8217;Utente accede al Sito.<\/p>\n\n<p>&#8211; 1P_JAR, APISID, CONSENT, HSID, NID, SAPISID, SID, SIDCC, SSID, OTZ: cookie analitici persistenti di terze parti dei servizi analitici offerti da Google. Raccolgono il numero di visitatori del sito, la durata delle visite, il browser, il tipo di terminale, il luogo di provenienza dei visitatori e le pagine visitate. Questi cookie sono associati solo a un utente anonimo e al suo computer\/dispositivo senza fornire riferimenti che ci permettano di conoscere i dati personali.<\/p>\n\n<p>&#8211; CONSENSO, NID: cookie analitici persistenti di terze parti che ci aiutano ad analizzare l&#8217;accesso dei visitatori al sito web e le azioni che compiono durante la loro connessione al sito.<\/p>\n\n<p>IV.- Revisione dei cookie<br\/>L&#8217;elenco dei cookie visualizzato sar\u00e0 aggiornato il prima possibile in caso di modifiche al sito web per quanto riguarda l&#8217;uso dei cookie. Nonostante i nostri sforzi per mantenere l&#8217;elenco aggiornato, occasionalmente l&#8217;elenco potrebbe non visualizzare un cookie del Sito web, sebbene lo scopo e il tipo di cookie corrispondano sempre agli scopi dei cookie sopra descritti.<\/p>\n\n<p>V.- Come disabilitare i cookie?<br\/>Se l&#8217;utente decide di non autorizzarne l&#8217;uso, BWELL non memorizzer\u00e0 alcun cookie e verranno utilizzati solo cookie tecnici, senza i quali non \u00e8 possibile navigare sul sito. Se si continua a navigare sul sito web e non si rifiuta l&#8217;autorizzazione, tale attivit\u00e0 implica l&#8217;accettazione del suo utilizzo, come indicato sopra.<br\/>\u00c8 possibile limitare, bloccare o eliminare i cookie da BWELL o da qualsiasi altro sito web utilizzando il proprio browser. Ogni browser funziona in modo diverso. Per sapere come gestire i cookie a seconda del vostro browser, cliccate sul nome del browser che state utilizzando:<br\/>&#8211; Internet Explorer<br\/>&#8211; Mozilla<br\/>&#8211; Google Chrome<br\/>&#8211; Safari<br\/>In caso di modifiche alla configurazione dei cookie, BWELL informa che non garantisce il corretto funzionamento delle diverse funzionalit\u00e0 del sito web.<br\/>Se l&#8217;Utente utilizza un altro browser, pu\u00f2 ottenere maggiori informazioni su come configurare l&#8217;installazione dei cookie attraverso la sezione di aiuto o assistenza di tale browser. Nel caso in cui l&#8217;Utente necessiti di assistenza per l&#8217;impostazione dei cookie con il proprio browser, pu\u00f2 contattare BWELL tramite il Modulo di contatto e noi contatteremo l&#8217;Utente il prima possibile.<\/p>\n","protected":false},"excerpt":{"rendered":"<p>BWELL360, S.L.U, di seguito denominata BWELL, informa sull&#8217;uso dei cookie sul sito web www.bwellclinic.es (di seguito denominato &#8220;Sito web&#8221;) e sulle loro finalit\u00e0. Si ritiene che l&#8217;utente acconsenta al loro utilizzo navigando nel sito web. I.- Cosa sono i cookie?Un cookie \u00e8 un file che viene scaricato sul dispositivo dell&#8217;utente quando accede a determinate pagine [&hellip;]<\/p>\n","protected":false},"author":2,"featured_media":0,"parent":0,"menu_order":100,"comment_status":"closed","ping_status":"closed","template":"","meta":{"_joinchat":[],"footnotes":""},"class_list":["post-2457","page","type-page","status-publish","hentry"],"_links":{"self":[{"href":"https:\/\/bwellclinic.es\/it\/wp-json\/wp\/v2\/pages\/2457","targetHints":{"allow":["GET"]}}],"collection":[{"href":"https:\/\/bwellclinic.es\/it\/wp-json\/wp\/v2\/pages"}],"about":[{"href":"https:\/\/bwellclinic.es\/it\/wp-json\/wp\/v2\/types\/page"}],"author":[{"embeddable":true,"href":"https:\/\/bwellclinic.es\/it\/wp-json\/wp\/v2\/users\/2"}],"replies":[{"embeddable":true,"href":"https:\/\/bwellclinic.es\/it\/wp-json\/wp\/v2\/comments?post=2457"}],"version-history":[{"count":1,"href":"https:\/\/bwellclinic.es\/it\/wp-json\/wp\/v2\/pages\/2457\/revisions"}],"predecessor-version":[{"id":2460,"href":"https:\/\/bwellclinic.es\/it\/wp-json\/wp\/v2\/pages\/2457\/revisions\/2460"}],"wp:attachment":[{"href":"https:\/\/bwellclinic.es\/it\/wp-json\/wp\/v2\/media?parent=2457"}],"curies":[{"name":"wp","href":"https:\/\/api.w.org\/{rel}","templated":true}]}}