{"id":2454,"date":"2023-05-19T09:04:23","date_gmt":"2023-05-19T07:04:23","guid":{"rendered":"https:\/\/bwellclinic.es\/avviso-legale\/"},"modified":"2023-07-01T18:23:03","modified_gmt":"2023-07-01T16:23:03","slug":"avviso-legale","status":"publish","type":"page","link":"https:\/\/bwellclinic.es\/it\/avviso-legale\/","title":{"rendered":"Avviso legale"},"content":{"rendered":"\n<p>PROPRIET\u00c0 DEL PORTALE<br\/>In ottemperanza alle disposizioni della Legge 34\/2002 dell&#8217;11 luglio, sui servizi della societ\u00e0 dell&#8217;informazione e del commercio elettronico, si rende noto che il dominio www.bwellclinic.es appartiene a BWELL360, S.L.U (di seguito &#8220;BWELL&#8221;) con NIF B67195420. Le informazioni di contatto sono riportate di seguito:<\/p>\n\n<p>Indirizzo: Carrer del Doctor Roux, 123, 08017 Barcelona<\/p>\n\n<p>Telefono: 931 28 21 12 &#8211; 677766946<\/p>\n\n<p>E-mail: info@www.bwellclinic.es.mialias.net<\/p>\n\n<p>I presenti termini e condizioni generali regolano l&#8217;accesso e l&#8217;utilizzo del sito web www.bwellclinic.es che BWELL mette gratuitamente a disposizione degli utenti di Internet. L&#8217;accesso ad essa implica l&#8217;accettazione senza riserve. L&#8217;utilizzo di alcuni servizi offerti su questo sito sar\u00e0 inoltre regolato dalle condizioni specifiche di volta in volta stabilite, che si intendono accettate con il semplice utilizzo di tali servizi.<\/p>\n\n<p>RESPONSABILIT\u00c0 E GARANZIE<\/p>\n\n<p>BWELL offre i propri prodotti e servizi attraverso il sito web www.bwellclinc.es e non pu\u00f2 garantirne l&#8217;accuratezza. L&#8217;accesso alla Pagina Web da parte dell&#8217;Utente \u00e8 libero e gratuito, e con tale accesso l&#8217;Utente si assume espressamente e volontariamente la responsabilit\u00e0 dell&#8217;uso che ne viene fatto.<\/p>\n\n<p>Resta inteso che l&#8217;accesso o l&#8217;utilizzo del Sito Web da parte dell&#8217;utente implica l&#8217;accettazione da parte dell&#8217;utente dell&#8217;Avviso legale che BWELL ha pubblicato al momento dell&#8217;accesso, che sar\u00e0 sempre a disposizione degli utenti.<\/p>\n\n<p>BWELL si riserva il diritto di sospendere temporaneamente o a tempo indeterminato l&#8217;accesso al sito, di apportare modifiche alle condizioni di navigazione senza preavviso all&#8217;utente, nonch\u00e9 di aggiornare o comunque disporre dei contenuti presenti sul sito.<\/p>\n\n<p>In nessun caso BWELL sar\u00e0 responsabile di eventuali interruzioni o errori che possono verificarsi durante l&#8217;accesso o la navigazione nel Sito Web, cos\u00ec come di eventuali problemi che possono essere causati durante la connessione alla rete. BWELL non sar\u00e0 inoltre responsabile dei link contenuti nel sito che reindirizzano a siti di terzi non di propriet\u00e0 di BWELL. BWELL non ha alcun controllo sul contenuto di queste pagine e non pu\u00f2 garantirne la disponibilit\u00e0 tecnica, l&#8217;accuratezza del contenuto o la validit\u00e0 o la veridicit\u00e0 delle informazioni in esse contenute.<\/p>\n\n<p>L&#8217;utente si impegna a non introdurre programmi, virus, applet, macro, controlli ActiveX o qualsiasi altro dispositivo logico o sequenza di caratteri che causino o possano causare qualsiasi tipo di alterazione nei sistemi informatici di BWELL o di terzi.<\/p>\n\n<p>L&#8217;Utente si impegna ad utilizzare i contenuti in modo diligente, corretto e lecito e, in particolare, si impegna ad astenersi da:<br\/>&#8211; Utilizzare i contenuti per scopi contrari alla legge e\/o all&#8217;ordine pubblico; riprodurre o copiare, consentire l&#8217;accesso pubblico attraverso qualsiasi forma di comunicazione pubblica, distribuire, trasformare o modificare i contenuti, senza la preventiva autorizzazione del titolare dei relativi diritti.<\/p>\n\n<p>Resta inteso che l&#8217;accesso o l&#8217;utilizzo del Sito Web da parte dell&#8217;utente implica l&#8217;accettazione da parte dell&#8217;utente dell&#8217;Avviso legale che BWELL ha pubblicato al momento dell&#8217;accesso.<\/p>\n\n<p>PROPRIET\u00c0 INTELLETTUALE<br\/>I contenuti del sito web sono di propriet\u00e0 di BWELL. Per contenuto si intende qualsiasi testo, immagine, codice sorgente della pagina, video, software, suono, design, progettazione, codice, logo, branding e altri aspetti presenti. Questi contenuti sono protetti dai diritti di propriet\u00e0 intellettuale e industriale esistenti in Spagna, dalle cui leggi e normative il portale \u00e8 disciplinato. Il proprietario del contenuto deve, in ogni caso, autorizzare preventivamente l&#8217;uso del contenuto.<\/p>\n\n<p>Il materiale presente sul sito web che non \u00e8 di propriet\u00e0 di BWELL, come i video incorporati nel sito, le fotografie, gli articoli del blog, tra gli altri, pu\u00f2 essere utilizzato da BWELL possedendo le autorizzazioni o le licenze necessarie per il suo utilizzo. In nessun caso la pubblicazione di materiale protetto da diritti di propriet\u00e0 intellettuale di terzi pu\u00f2 essere intesa come una licenza per l&#8217;utilizzo di tale materiale da parte dell&#8217;Utente. Per il loro utilizzo, l&#8217;Utente deve ottenere il consenso preventivo del titolare dei diritti.<\/p>\n\n<p>In nessun caso si pu\u00f2 intendere che vi sia un trasferimento, un&#8217;autorizzazione e\/o una licenza dei diritti di propriet\u00e0 intellettuale e industriale per il solo fatto di navigare o accedere al portale o di utilizzare i servizi offerti. Pertanto, \u00e8 vietata la trasmissione, la riproduzione, la distribuzione, la comunicazione o la trasformazione dei contenuti inclusi nel sito web senza il preventivo ed esplicito consenso del proprietario del sito.<\/p>\n\n<p>MODIFICHE<br\/>BWELL si riserva il diritto di apportare senza preavviso le modifiche che ritiene opportune al proprio sito web e pu\u00f2 modificare, eliminare o aggiungere contenuti e servizi forniti attraverso lo stesso cos\u00ec come il modo in cui sono presentati o collocati sul web.<\/p>\n\n<p>LEGGE APPLICABILE E GIURISDIZIONE<br\/>Per qualsiasi questione o controversia che possa sorgere in relazione al presente accesso al Sito Web BWELL, le parti accettano di sottoporsi alla giurisdizione delle Corti e dei Tribunali di Barcellona.<\/p>\n","protected":false},"excerpt":{"rendered":"<p>PROPRIET\u00c0 DEL PORTALEIn ottemperanza alle disposizioni della Legge 34\/2002 dell&#8217;11 luglio, sui servizi della societ\u00e0 dell&#8217;informazione e del commercio elettronico, si rende noto che il dominio www.bwellclinic.es appartiene a BWELL360, S.L.U (di seguito &#8220;BWELL&#8221;) con NIF B67195420. Le informazioni di contatto sono riportate di seguito: Indirizzo: Carrer del Doctor Roux, 123, 08017 Barcelona Telefono: 931 [&hellip;]<\/p>\n","protected":false},"author":2,"featured_media":0,"parent":0,"menu_order":100,"comment_status":"closed","ping_status":"closed","template":"","meta":{"_joinchat":[],"footnotes":""},"class_list":["post-2454","page","type-page","status-publish","hentry"],"_links":{"self":[{"href":"https:\/\/bwellclinic.es\/it\/wp-json\/wp\/v2\/pages\/2454","targetHints":{"allow":["GET"]}}],"collection":[{"href":"https:\/\/bwellclinic.es\/it\/wp-json\/wp\/v2\/pages"}],"about":[{"href":"https:\/\/bwellclinic.es\/it\/wp-json\/wp\/v2\/types\/page"}],"author":[{"embeddable":true,"href":"https:\/\/bwellclinic.es\/it\/wp-json\/wp\/v2\/users\/2"}],"replies":[{"embeddable":true,"href":"https:\/\/bwellclinic.es\/it\/wp-json\/wp\/v2\/comments?post=2454"}],"version-history":[{"count":1,"href":"https:\/\/bwellclinic.es\/it\/wp-json\/wp\/v2\/pages\/2454\/revisions"}],"predecessor-version":[{"id":2455,"href":"https:\/\/bwellclinic.es\/it\/wp-json\/wp\/v2\/pages\/2454\/revisions\/2455"}],"wp:attachment":[{"href":"https:\/\/bwellclinic.es\/it\/wp-json\/wp\/v2\/media?parent=2454"}],"curies":[{"name":"wp","href":"https:\/\/api.w.org\/{rel}","templated":true}]}}