{"id":2447,"date":"2022-11-17T08:45:19","date_gmt":"2022-11-17T06:45:19","guid":{"rendered":"https:\/\/bwellclinic.es\/informativa-sulla-privacy\/"},"modified":"2023-07-01T18:23:01","modified_gmt":"2023-07-01T16:23:01","slug":"informativa-sulla-privacy","status":"publish","type":"page","link":"https:\/\/bwellclinic.es\/it\/informativa-sulla-privacy\/","title":{"rendered":"Informativa sulla privacy"},"content":{"rendered":"\n<p>In conformit\u00e0 con la legislazione europea e spagnola applicabile in materia di protezione dei dati personali, BWELL360, S.L.U. (di seguito &#8220;BWELL&#8221;), proprietaria del dominio www.bwellclinic.es (di seguito &#8220;Sito Web&#8221;), mantiene la riservatezza dei dati personali trattati dagli utenti che navigano sul sito.<br\/>I dati personali degli utenti, inclusi negli archivi di cui BWELL \u00e8 responsabile, sono protetti secondo il livello di sicurezza richiesto dal Regolamento generale europeo sulla protezione dei dati personali, nonch\u00e9 dalle normative spagnole che lo integrano.<\/p>\n\n<p>BWELL informa che i dati personali eventualmente raccolti attraverso il Sito saranno inseriti nei corrispondenti archivi di propriet\u00e0 di BWELL, con le finalit\u00e0 previste da ciascuna procedura di raccolta dei dati personali e strettamente per il tempo necessario all&#8217;espletamento di tali finalit\u00e0, sempre che, ove opportuno, non abbia espresso il proprio rifiuto al trattamento.<\/p>\n\n<p>I dati raccolti saranno di competenza di:<br\/>BWELL360, S.L.U.<br\/>PARTITA IVA: B67195420<br\/>Indirizzo: Carrer del Doctor Roux, 123. 08017 Barcellona<br\/>Telefono: 931282112<br\/>E-mail: info@www.bwellclinic.es.mialias.net<\/p>\n\n<ol class=\"wp-block-list\">\n<li>Tipi di dati richiesti e utilizzati<br\/>Dati forniti dall&#8217;utente:<br\/>I dati personali forniti volontariamente dall&#8217;utente attraverso il modulo di contatto sono:<br\/>&#8211; Nome e cognome<br\/>&#8211; Indirizzo e-mail<\/li>\n<\/ol>\n\n<p>Dati forniti indirettamente dagli utenti:<br\/>&#8211; Dati derivanti dall&#8217;utilizzo del sito web da parte di ciascun utente.<br\/>&#8211; Indirizzo IP Internet utilizzato per accedere al sito<br\/>&#8211; Informazioni sul dispositivo attraverso il quale si accede al sito web, come il computer o il telefono cellulare.<br\/>&#8211; Il numero di cookie dell&#8217;Utente, vedi Informativa sui cookie. (link a Cookies)<br\/>&#8211; La cronologia e le preferenze di navigazione dell&#8217;Utente.<br\/>&#8211; Dati derivati dall&#8217;origine dell&#8217;Utente: se l&#8217;Utente giunge al Sito Web attraverso una fonte<\/p>\n\n<ol class=\"wp-block-list\" start=\"2\">\n<li>Legittimazione<br\/>BWELL tratter\u00e0 i dati degli utenti al fine di rispondere alle domande poste dagli utenti attraverso il modulo di contatto. BWELL tratter\u00e0 i dati sulla base dell&#8217;esecuzione della richiesta fatta dall&#8217;utente a BWELL, nonch\u00e9 attraverso il consenso dato dall&#8217;utente stesso nel modulo di contatto sul Web per l&#8217;invio di pubblicit\u00e0 e promozioni proprie di BWELL.<\/li>\n\n\n\n<li>Scopi<br\/>I dati raccolti da ciascun utente saranno utilizzati per i seguenti scopi:<br\/>&#8211; Fornire il servizio richiesto dall&#8217;utente<br\/>&#8211; Pubblicizzare prodotti e servizi BWELL che siano di interesse per l&#8217;Utente, a condizione che l&#8217;Utente abbia acconsentito a tale scopo.<\/li>\n\n\n\n<li>Durata di conservazione<br\/>I dati personali forniti saranno conservati fino a quando l&#8217;interessato non ne richieder\u00e0 la cancellazione per un periodo di 36 mesi dall&#8217;ultima interazione con il sito web, a meno che non vi siano altri rapporti tra l&#8217;Utente e BWELL che impediscano la cancellazione dei dati.<\/li>\n\n\n\n<li>Condivisione dei dati<br\/>Per adempiere agli obblighi di BWELL e per fornire tutti i servizi del sito web, BWELL pu\u00f2 condividere i dati degli utenti con:<br\/>&#8211; Fornitori di servizi che forniscono servizi di web hosting, server o altri scopi simili.<br\/>&#8211; Societ\u00e0 di sicurezza e Forze e Corpi di sicurezza. Possiamo divulgare le informazioni personali e i dati dell&#8217;account dei nostri clienti quando riteniamo che la divulgazione sia necessaria per rispettare la legge, per proteggere i diritti, la propriet\u00e0 o la sicurezza di BWELL, dei suoi utenti o di terzi. Ci\u00f2 include quindi lo scambio di informazioni con altre societ\u00e0 e organizzazioni, nonch\u00e9 con le forze dell&#8217;ordine per la tutela dei diritti delle parti coinvolte.<br\/>&#8211; Su richiesta legale, BWELL pu\u00f2 condividere le informazioni con le forze dell&#8217;ordine e\/o terze parti in relazione a richieste di informazioni relative a indagini penali e a sospette attivit\u00e0 illegali.<br\/>BWELL pu\u00f2 richiedere altri dati personali oltre a quelli descritti sopra, informando l&#8217;utente prima della raccolta circa gli usi e le finalit\u00e0.<\/li>\n<\/ol>\n\n<p>Per quanto riguarda i dati personali richiesti tramite il modulo di contatto, sar\u00e0 necessario che l&#8217;utente fornisca almeno quelli in cui compare il campo &#8220;obbligatorio&#8221;. Se l&#8217;utente non fornisce i dati ritenuti necessari, BWELL non sar\u00e0 in grado di accettare e gestire la richiesta o l&#8217;interrogazione effettuata dall&#8217;utente.<\/p>\n\n<p>L&#8217;utente garantisce la veridicit\u00e0, l&#8217;accuratezza e l&#8217;aggiornamento dei dati forniti e sar\u00e0 responsabile di qualsiasi danno diretto o indiretto che possa derivare dall&#8217;inosservanza di tale obbligo. Nel caso in cui i dati forniti appartengano a terzi, l&#8217;utente garantisce di aver informato i terzi degli aspetti contenuti nel presente documento e di aver ottenuto la corrispondente autorizzazione a fornire i propri dati a BWELL per le finalit\u00e0 sopra indicate.<br\/>Nel caso in cui un utente desideri ottenere chiarimenti in relazione alla riservatezza del trattamento dei propri dati, o desideri esercitare uno dei diritti di accesso, opposizione, rettifica, soppressione, limitazione, portabilit\u00e0 e\/o cancellazione, nonch\u00e9 qualsiasi altro diritto a lui legalmente riconosciuto, pu\u00f2 contattare info@www.bwellclinic.es.mialias.net via e-mail, allegando alla richiesta una fotocopia del proprio documento di identit\u00e0 nazionale.<\/p>\n","protected":false},"excerpt":{"rendered":"<p>In conformit\u00e0 con la legislazione europea e spagnola applicabile in materia di protezione dei dati personali, BWELL360, S.L.U. (di seguito &#8220;BWELL&#8221;), proprietaria del dominio www.bwellclinic.es (di seguito &#8220;Sito Web&#8221;), mantiene la riservatezza dei dati personali trattati dagli utenti che navigano sul sito.I dati personali degli utenti, inclusi negli archivi di cui BWELL \u00e8 responsabile, sono [&hellip;]<\/p>\n","protected":false},"author":2,"featured_media":0,"parent":0,"menu_order":100,"comment_status":"closed","ping_status":"closed","template":"","meta":{"_joinchat":[],"footnotes":""},"class_list":["post-2447","page","type-page","status-publish","hentry"],"_links":{"self":[{"href":"https:\/\/bwellclinic.es\/it\/wp-json\/wp\/v2\/pages\/2447","targetHints":{"allow":["GET"]}}],"collection":[{"href":"https:\/\/bwellclinic.es\/it\/wp-json\/wp\/v2\/pages"}],"about":[{"href":"https:\/\/bwellclinic.es\/it\/wp-json\/wp\/v2\/types\/page"}],"author":[{"embeddable":true,"href":"https:\/\/bwellclinic.es\/it\/wp-json\/wp\/v2\/users\/2"}],"replies":[{"embeddable":true,"href":"https:\/\/bwellclinic.es\/it\/wp-json\/wp\/v2\/comments?post=2447"}],"version-history":[{"count":1,"href":"https:\/\/bwellclinic.es\/it\/wp-json\/wp\/v2\/pages\/2447\/revisions"}],"predecessor-version":[{"id":2452,"href":"https:\/\/bwellclinic.es\/it\/wp-json\/wp\/v2\/pages\/2447\/revisions\/2452"}],"wp:attachment":[{"href":"https:\/\/bwellclinic.es\/it\/wp-json\/wp\/v2\/media?parent=2447"}],"curies":[{"name":"wp","href":"https:\/\/api.w.org\/{rel}","templated":true}]}}