{"id":1181,"date":"2023-05-19T09:04:23","date_gmt":"2023-05-19T07:04:23","guid":{"rendered":"https:\/\/bwellclinic.es\/avis-legal\/"},"modified":"2023-06-12T06:06:02","modified_gmt":"2023-06-12T04:06:02","slug":"avis-legal","status":"publish","type":"page","link":"https:\/\/bwellclinic.es\/ca\/avis-legal\/","title":{"rendered":"Av\u00eds Legal"},"content":{"rendered":"\n<p>TITULARITAT DEL PORTAL<br\/>Per donar compliment al que disposa la Llei 34\/2002, d&#8217;11 de juliol, de Serveis de la Societat de la Informaci\u00f3 i del Comer\u00e7 Electr\u00f2nic, es fa saber que el domini www.bwellclinic.es pertany a BWELL360, SLU (d&#8217;ara endavant , \u201cBWELL\u201c) amb NIF B67195420. A continuaci\u00f3 us facilitem la informaci\u00f3 de contacte:<\/p>\n\n<p>Domicili: Carrer del Doctor Roux, 123, 08017 Barcelona<\/p>\n\n<p>Tel\u00e8fon: 931 28 21 12 \u2013 677766946<\/p>\n\n<p>Correu electr\u00f2nic: info@www.bwellclinic.es.mialias.net<\/p>\n\n<p>Aquestes condicions generals regulen l&#8217;acc\u00e9s i la utilitzaci\u00f3 del lloc web www.bwellclinic.es que BWELL posa gratu\u00eftament a disposici\u00f3 dels usuaris d&#8217;Internet. L&#8217;acc\u00e9s implica la seva acceptaci\u00f3 sense reserves. La utilitzaci\u00f3 de determinats serveis oferts en aquest lloc es regir\u00e0 a m\u00e9s per les condicions particulars previstes en cada cas, les quals s&#8217;entenen acceptades pel simple \u00fas d&#8217;aquests serveis.<\/p>\n\n<p>RESPONSABILITATS I GARANTIES<\/p>\n\n<p>BWELL ofereix els seus productes i serveis a trav\u00e9s de la p\u00e0gina web www.bwellclinc.es sense que la seva exactitud pugui ser garantida. L&#8217;acc\u00e9s a la p\u00e0gina web per part de l&#8217;usuari \u00e9s lliure i gratu\u00eft, i mitjan\u00e7ant aquest acc\u00e9s l&#8217;usuari accepta expressament i volunt\u00e0riament la responsabilitat per l&#8217;\u00fas que en faci.<\/p>\n\n<p>S&#8217;ent\u00e9n que l&#8217;acc\u00e9s o la utilitzaci\u00f3 de la Web per part de l&#8217;usuari implica l&#8217;acceptaci\u00f3 per aquest de l&#8217;Av\u00eds Legal que BWELL tingui publicades en el moment de l&#8217;acc\u00e9s, les quals estaran sempre disponibles per als usuaris.<\/p>\n\n<p>BWELL es reserva la facultat de suspendre temporalment o indefinidament l&#8217;acc\u00e9s a la p\u00e0gina, fer canvis en les condicions de navegaci\u00f3 sense av\u00eds previ a l&#8217;usuari, aix\u00ed com actualitzar o disposar de manera diferent el contingut present a la web.<\/p>\n\n<p>En cap cas, BWELL ser\u00e0 responsable per les interrupcions o errors que es puguin ocasionar en el moment d&#8217;accedir o navegar per la p\u00e0gina web, aix\u00ed com dels problemes que es puguin causar durant la connexi\u00f3 a la xarxa. Tampoc ser\u00e0 responsable pels enlla\u00e7os continguts a la p\u00e0gina que redireccionin a terceres p\u00e0gines que no siguin propietat de BWELL. Per part de BWELL no es realitza cap control sobre el contingut d&#8217;aquestes p\u00e0gines no podent garantir-ne la disponibilitat t\u00e8cnica, l&#8217;exactitud dels continguts ni la validesa o veracitat de la informaci\u00f3 que cont\u00e9.<\/p>\n\n<p>L&#8217;usuari es compromet a no introduir programes, virus, applets, macros, controls ActiveX o qualsevol altre dispositiu l\u00f2gic o seq\u00fc\u00e8ncia de car\u00e0cters que causin o siguin susceptibles de causar qualsevol tipus d&#8217;alteraci\u00f3 als sistemes inform\u00e0tics de BWELL o de tercers.<\/p>\n\n<p>L&#8217;Usuari s&#8217;obliga a fer servir els continguts de forma diligent, correcta i l\u00edcita i, en particular, es compromet a abstenir-se de:<br\/>\u2013 Utilitzar els continguts amb finalitats contr\u00e0ries a la llei i\/o contra l&#8217;ordre p\u00fablic; reproduir o copiar, permetre l&#8217;acc\u00e9s del p\u00fablic a trav\u00e9s de qualsevol modalitat de comunicaci\u00f3 p\u00fablica, distribuir, transformar o modificar els continguts, sense l&#8217;autoritzaci\u00f3 pr\u00e8via del titular dels drets corresponents.<\/p>\n\n<p>S&#8217;ent\u00e9n que l&#8217;acc\u00e9s o la utilitzaci\u00f3 de la Web per part de l&#8217;usuari implica l&#8217;acceptaci\u00f3 per aquest de l&#8217;Av\u00eds Legal que BWELL tingui publicat en el moment de l&#8217;acc\u00e9s.<\/p>\n\n<p>PROPIETAT INTEL\u00b7LECTUAL<br\/>Els continguts que integren la p\u00e0gina web s\u00f3n propietat de BWELL. Per contingut s&#8217;ent\u00e9n qualsevol text, imatge, codi font de la p\u00e0gina, v\u00eddeo, programari, so, disseny, codi, logotip, marca, i altres aspectes presents. Aquests continguts estan protegits pels drets de propietat intel\u00b7lectual i industrial existents a Espanya, per les lleis i la legislaci\u00f3 dels quals es regeix el portal. El titular dels continguts haur\u00e0, en qualsevol cas, autoritzar-ne pr\u00e8viament l&#8217;\u00fas.<\/p>\n\n<p>El material present a la p\u00e0gina web que no sigui propietat de BWELL com a v\u00eddeos incrustats a la web, fotografies, articles presents al bloc, entre altres, pot ser utilitzat per BWELL en posseir totes les autoritzacions o llic\u00e8ncies que es necessitin per al seu \u00fas. En cap cas la publicaci\u00f3 de material protegit pels Drets de Propietat Intel\u00b7lectual de terceres parts no es pot entendre com una llic\u00e8ncia perqu\u00e8 l&#8217;Usuari pugui utilitzar aquest material. Per utilitzar-lo, l&#8217;Usuari haur\u00e0 de demanar el consentiment previ del titular dels Drets.<\/p>\n\n<p>En cap cas no es pot entendre que hi ha una cessi\u00f3, autoritzaci\u00f3 i\/o llic\u00e8ncia dels drets de propietat intel\u00b7lectual i industrial pel sol fet de navegar o accedir al portal o per l&#8217;\u00fas dels serveis oferts. Per tant, queda prohibida la transmissi\u00f3, reproducci\u00f3, distribuci\u00f3, comunicaci\u00f3 o transformaci\u00f3 dels continguts inclosos a la web sense el previ i expr\u00e9s consentiment per part del titular de la p\u00e0gina.<\/p>\n\n<p>MODIFICACIONS<br\/>BWELL a es reserva el dret d&#8217;efectuar sense previ av\u00eds les modificacions que consideri oportunes a la seva p\u00e0gina web, podent canviar, suprimir o afegir tant els continguts i serveis que es prestin a trav\u00e9s d&#8217;aquesta com la forma en qu\u00e8 aquests apareguin presentats o localitzats a la web.<\/p>\n\n<p>LEGISLACI\u00d3 APLICABLE I JURISDICCI\u00d3<br\/>Per a totes les q\u00fcestions o diverg\u00e8ncies que es puguin suscitar en relaci\u00f3 amb aquest acc\u00e9s al Web de BWELL, les parts acorden sotmetre&#8217;s a la compet\u00e8ncia dels Jutjats i Tribunals de Barcelona.<\/p>\n","protected":false},"excerpt":{"rendered":"<p>TITULARITAT DEL PORTALPer donar compliment al que disposa la Llei 34\/2002, d&#8217;11 de juliol, de Serveis de la Societat de la Informaci\u00f3 i del Comer\u00e7 Electr\u00f2nic, es fa saber que el domini www.bwellclinic.es pertany a BWELL360, SLU (d&#8217;ara endavant , \u201cBWELL\u201c) amb NIF B67195420. A continuaci\u00f3 us facilitem la informaci\u00f3 de contacte: Domicili: Carrer del [&hellip;]<\/p>\n","protected":false},"author":2,"featured_media":0,"parent":0,"menu_order":100,"comment_status":"closed","ping_status":"closed","template":"","meta":{"_joinchat":[],"footnotes":""},"class_list":["post-1181","page","type-page","status-publish","hentry"],"_links":{"self":[{"href":"https:\/\/bwellclinic.es\/ca\/wp-json\/wp\/v2\/pages\/1181","targetHints":{"allow":["GET"]}}],"collection":[{"href":"https:\/\/bwellclinic.es\/ca\/wp-json\/wp\/v2\/pages"}],"about":[{"href":"https:\/\/bwellclinic.es\/ca\/wp-json\/wp\/v2\/types\/page"}],"author":[{"embeddable":true,"href":"https:\/\/bwellclinic.es\/ca\/wp-json\/wp\/v2\/users\/2"}],"replies":[{"embeddable":true,"href":"https:\/\/bwellclinic.es\/ca\/wp-json\/wp\/v2\/comments?post=1181"}],"version-history":[{"count":3,"href":"https:\/\/bwellclinic.es\/ca\/wp-json\/wp\/v2\/pages\/1181\/revisions"}],"predecessor-version":[{"id":1205,"href":"https:\/\/bwellclinic.es\/ca\/wp-json\/wp\/v2\/pages\/1181\/revisions\/1205"}],"wp:attachment":[{"href":"https:\/\/bwellclinic.es\/ca\/wp-json\/wp\/v2\/media?parent=1181"}],"curies":[{"name":"wp","href":"https:\/\/api.w.org\/{rel}","templated":true}]}}