{"id":1170,"date":"2023-05-19T09:03:20","date_gmt":"2023-05-19T07:03:20","guid":{"rendered":"https:\/\/bwellclinic.es\/politica-de-cookies\/"},"modified":"2023-07-06T10:55:40","modified_gmt":"2023-07-06T08:55:40","slug":"politica-de-cookies","status":"publish","type":"page","link":"https:\/\/bwellclinic.es\/ca\/politica-de-cookies\/","title":{"rendered":"Pol\u00edtica de Cookies"},"content":{"rendered":"\n<p>BWELL360, SLU, d&#8217;ara endavant, BWELL, informa sobre l&#8217;\u00fas de cookies al lloc web www.bwellclinic.es (d&#8217;ara endavant, el \u201cLloc Web\u201c) aix\u00ed com sobre la seva finalitat. Es considera que presta el consentiment per al seu \u00fas en navegar pel lloc web.<\/p>\n\n<p>I.- Qu\u00e8 s\u00f3n les Cookies?<br\/>Una galeta \u00e9s un fitxer que es descarrega al dispositiu de l&#8217;usuari en accedir a determinades p\u00e0gines web. Les galetes permeten a una p\u00e0gina web, entre altres coses, emmagatzemar i recuperar informaci\u00f3 sobre els h\u00e0bits de navegaci\u00f3 d&#8217;un usuari o del seu equip i, depenent de la informaci\u00f3 que continguin i de la manera com utilitzi el seu equip, es poden utilitzar per recon\u00e8ixer a l&#8217;usuari. L&#8217;\u00fas de cookies permet millorar la navegaci\u00f3 pel lloc web i en cap cas contindran cap malware o cap virus.<\/p>\n\n<p>II.- Tipus de cookies i classificaci\u00f3<br\/>Les galetes es poden classificar en funci\u00f3 d&#8217;una s\u00e8rie de categories. No obstant aix\u00f2, cal tenir en compte que una mateixa galeta pot estar inclosa a m\u00e9s d&#8217;una categoria.<br\/>Categories:<\/p>\n\n<p>1.- Segons lentitat que les gestioni. Segons l&#8217;equip des del qual s&#8217;envi\u00efn les galetes, podem distingir entre:<br\/>\u2013 Cookies pr\u00f2pies: les cookies pr\u00f2pies s\u00f3n aquelles gestionades per BWELL.<br\/>\u2013 Galetes de tercers: aquelles galetes que s\u00f3n gestionades per un equip o domini no gestionat per BWELL.<\/p>\n\n<p>En el cas que les cookies siguin instal\u00b7lades des d&#8217;un equip o domini gestionat per BWELL per\u00f2 la informaci\u00f3 que es reculli mitjan\u00e7ant aquestes sigui gestionada per un tercer, no poden ser considerades com a cookies pr\u00f2pies.<\/p>\n\n<p>2.- Segons el temps que romanen actives.<\/p>\n\n<p>&#8211; Cookies de sessi\u00f3: S\u00f3n un tipus de cookies dissenyades per demanar i emmagatzemar dades mentre l&#8217;usuari accedeix a una p\u00e0gina web.<br\/>Se solen emprar per emmagatzemar informaci\u00f3 que nom\u00e9s interessa conservar per a la prestaci\u00f3 del servei sol\u00b7licitat per l&#8217;usuari en una sola ocasi\u00f3 (pe una llista de productes adquirits).<\/p>\n\n<p>\u2013 Cookies persistents: S\u00f3n un tipus de cookies en qu\u00e8 les dades segueixen emmagatzemades al terminal i poden ser accedides i tractades durant un per\u00edode definit pel responsable de la galeta, i que pot anar d&#8217;uns minuts a diversos anys.<\/p>\n\n<p>3.- Segons la seva finalitat<\/p>\n\n<p>\u2013 Cookies t\u00e8cniques: S\u00f3n aquelles que permeten a l&#8217;usuari la navegaci\u00f3 a trav\u00e9s d&#8217;una p\u00e0gina web, plataforma o aplicaci\u00f3 i la utilitzaci\u00f3 de les diferents opcions o serveis que hi hagi com, per exemple, controlar el tr\u00e0nsit i la comunicaci\u00f3 de dades, identificar la sessi\u00f3, accedir a parts d&#8217;acc\u00e9s restringit, recordar els elements que integren una comanda, fer el proc\u00e9s de compra d&#8217;una comanda, fer la sol\u00b7licitud d&#8217;inscripci\u00f3 o participaci\u00f3 en un esdeveniment, utilitzar elements de seguretat durant la navegaci\u00f3, emmagatzemar continguts per a la difusi\u00f3 de v\u00eddeos o so o compartir continguts a trav\u00e9s de xarxes socials.<\/p>\n\n<p>&#8211; Cookies de personalitzaci\u00f3: S\u00f3n aquelles que permeten a l&#8217;usuari accedir al servei amb algunes caracter\u00edstiques de car\u00e0cter general predefinides en funci\u00f3 d&#8217;una s\u00e8rie de criteris al terminal de l&#8217;usuari com ara serien l&#8217;idioma, el tipus de navegador a trav\u00e9s del qual accedeix al servei, la configuraci\u00f3 regional des d&#8217;on accedeix al servei, etc.<\/p>\n\n<p>&#8211; Galetes d&#8217;an\u00e0lisi: S\u00f3n aquelles que permeten al responsable d&#8217;aquestes, el seguiment i l&#8217;an\u00e0lisi del comportament dels usuaris dels llocs web als quals estan vinculades. La informaci\u00f3 recollida mitjan\u00e7ant aquest tipus de cookies s&#8217;utilitza en el mesurament de l&#8217;activitat dels llocs web, aplicaci\u00f3 o plataforma i per a l&#8217;elaboraci\u00f3 de perfils de navegaci\u00f3 dels usuaris d&#8217;aquests llocs, aplicacions i plataformes, per introduir millores a funci\u00f3 de lan\u00e0lisi de les dades d\u00fas que fan els usuaris del servei.<\/p>\n\n<p>&#8211; Cookies publicit\u00e0ries: S\u00f3n aquelles que permeten la gesti\u00f3, de la manera m\u00e9s efica\u00e7 possible, dels espais publicitaris que, si escau, l&#8217;editor hagi incl\u00f2s en una p\u00e0gina web, aplicaci\u00f3 o plataforma des de la qual presta el servei sol\u00b7licitat sobre la base de criteris com el contingut editat o la freq\u00fc\u00e8ncia en qu\u00e8 es mostren els anuncis.<\/p>\n\n<p>&#8211; Cookies de publicitat comportamental: S\u00f3n aquelles que permeten la gesti\u00f3, de la manera m\u00e9s efica\u00e7 possible, dels espais publicitaris que, si escau, l&#8217;editor hagi incl\u00f2s en una p\u00e0gina web, aplicaci\u00f3 o plataforma des de la qual presta el servei sol\u00b7licitat. Aquestes cookies emmagatzemen informaci\u00f3 del comportament dels usuaris obtinguda a trav\u00e9s de l&#8217;observaci\u00f3 continuada dels seus h\u00e0bits de navegaci\u00f3, cosa que permet desenvolupar un perfil espec\u00edfic per mostrar publicitat en funci\u00f3 del mateix.<\/p>\n\n<p>BWELL utilitza cookies pr\u00f2pies i de tercers que permeten emmagatzemar informaci\u00f3 referida al navegador utilitzat per accedir al Lloc Web, a l&#8217;idioma escollit per l&#8217;usuari, aix\u00ed com a altres caracter\u00edstiques predefinides per aquest. Tamb\u00e9 ens permeten analitzar lactivitat de la p\u00e0gina amb lobjectiu dintroduir les millores necess\u00e0ries per oferir una navegaci\u00f3 m\u00e9s personalitzada. Loia no utilitza galetes publicit\u00e0ries i de publicitat comportamental.<\/p>\n\n<p>III.- Cookies utilitzades per bwell<br\/>En concret, BWELL utilitza les cookies seg\u00fcents:<br\/>\u2013 Trp_current_language: cookie persistent t\u00e8cnica pr\u00f2pia utilitzada per mostrar els continguts de la p\u00e0gina web a l&#8217;idioma del pa\u00eds des del qual s&#8217;accedeix al Lloc Web per part de l&#8217;Usuari.<\/p>\n\n<p>&#8211; 1P_JAR, APISID, CONSENT, HSID, NID, SAPISID, SID, SIDCC, SSID, OTZ: galetes persistents, anal\u00edtiques de tercers provinent dels serveis d&#8217;anal\u00edtica oferts per Google. Recull el nombre de visitants al lloc, el temps que duren les visites, el navegador, el tipus de terminal, el lloc de proced\u00e8ncia dels visitants i les p\u00e0gines visitades. Aquestes cookies s&#8217;associen \u00fanicament a un usuari an\u00f2nim i al vostre ordinador\/dispositiu sense proporcionar refer\u00e8ncies que permetin con\u00e8ixer dades personals<\/p>\n\n<p>\u2013 CONSENT, NID: Cookies persistents anal\u00edtiques de tercers que ens ajuden a analitzar l&#8217;acc\u00e9s dels visitants a la p\u00e0gina web i les actuacions que fan mentre dura la connexi\u00f3 al Lloc Web.<\/p>\n\n<p>IV.- Revisi\u00f3 de les Cookies<br\/>La llista de cookies mostrades s&#8217;actualitzar\u00e0 amb la major celeritat possible en cas de canvis a la web pel que fa a l&#8217;\u00fas de cookies. Tot i els nostres esfor\u00e7os en mantenir la llista actualitzada, ocasionalment la llista pot no mostrar una galeta del Lloc Web, encara que la finalitat i tipus de galeta sempre coincidir\u00e0 amb els prop\u00f2sits de les galetes anteriorment descrites.<\/p>\n\n<p>V.- Com deshabilitar les galetes?<br\/>En cas que l&#8217;usuari decideixi no autoritzar-ne l&#8217;\u00fas, BWELL no emmagatzemaria cap galeta i tan sols s&#8217;usarien les galetes t\u00e8cniques at\u00e8s que sense elles no \u00e9s possible navegar per la web. En cas de continuar navegant per la web i no denegar l&#8217;autoritzaci\u00f3, aquesta activitat implicar\u00e0 l&#8217;acceptaci\u00f3 de l&#8217;\u00fas, com ja s&#8217;ha indicat anteriorment.<br\/>L&#8217;usuari pot restringir, bloquejar o esborrar les galetes de BWELL o de qualsevol altra p\u00e0gina web, utilitzant el seu navegador. A cada navegador l&#8217;operativa \u00e9s diferent. A l&#8217;efecte de con\u00e8ixer com administrar les galetes segons el navegador, premi sobre el nom del navegador utilitzat:<br\/>\u2013 Internet Explorer<br\/>\u2013 Mozilla<br\/>\u2013 Google Chrome<br\/>\u2013 Safari<br\/>En cas de realitzar modificacions a la configuraci\u00f3 de les Cookies, BWELL informa que no assegura el correcte funcionament de les diferents funcionalitats de la web.<br\/>Si l&#8217;Usuari utilitza un altre navegador, podeu obtenir m\u00e9s informaci\u00f3 sobre com configurar la instal\u00b7laci\u00f3 de les Cookies a trav\u00e9s de la secci\u00f3 d&#8217;ajuda o assist\u00e8ncia del navegador. En cas que l&#8217;Usuari necessiti ajuda per dur a terme la configuraci\u00f3 de les Cookies amb el vostre navegador, podreu posar-vos en contacte amb BWELL a trav\u00e9s del Formulari de Contacte i ens posarem en contacte amb l&#8217;Usuari el m\u00e9s aviat possible.<\/p>\n","protected":false},"excerpt":{"rendered":"<p>BWELL360, SLU, d&#8217;ara endavant, BWELL, informa sobre l&#8217;\u00fas de cookies al lloc web www.bwellclinic.es (d&#8217;ara endavant, el \u201cLloc Web\u201c) aix\u00ed com sobre la seva finalitat. Es considera que presta el consentiment per al seu \u00fas en navegar pel lloc web. I.- Qu\u00e8 s\u00f3n les Cookies?Una galeta \u00e9s un fitxer que es descarrega al dispositiu de [&hellip;]<\/p>\n","protected":false},"author":2,"featured_media":0,"parent":0,"menu_order":100,"comment_status":"closed","ping_status":"closed","template":"","meta":{"_joinchat":[],"footnotes":""},"class_list":["post-1170","page","type-page","status-publish","hentry"],"_links":{"self":[{"href":"https:\/\/bwellclinic.es\/ca\/wp-json\/wp\/v2\/pages\/1170","targetHints":{"allow":["GET"]}}],"collection":[{"href":"https:\/\/bwellclinic.es\/ca\/wp-json\/wp\/v2\/pages"}],"about":[{"href":"https:\/\/bwellclinic.es\/ca\/wp-json\/wp\/v2\/types\/page"}],"author":[{"embeddable":true,"href":"https:\/\/bwellclinic.es\/ca\/wp-json\/wp\/v2\/users\/2"}],"replies":[{"embeddable":true,"href":"https:\/\/bwellclinic.es\/ca\/wp-json\/wp\/v2\/comments?post=1170"}],"version-history":[{"count":3,"href":"https:\/\/bwellclinic.es\/ca\/wp-json\/wp\/v2\/pages\/1170\/revisions"}],"predecessor-version":[{"id":1201,"href":"https:\/\/bwellclinic.es\/ca\/wp-json\/wp\/v2\/pages\/1170\/revisions\/1201"}],"wp:attachment":[{"href":"https:\/\/bwellclinic.es\/ca\/wp-json\/wp\/v2\/media?parent=1170"}],"curies":[{"name":"wp","href":"https:\/\/api.w.org\/{rel}","templated":true}]}}