{"id":1150,"date":"2022-11-17T08:45:19","date_gmt":"2022-11-17T06:45:19","guid":{"rendered":"https:\/\/bwellclinic.es\/politica-de-privadesa\/"},"modified":"2023-06-12T06:05:53","modified_gmt":"2023-06-12T04:05:53","slug":"politica-de-privadesa","status":"publish","type":"page","link":"https:\/\/bwellclinic.es\/ca\/politica-de-privadesa\/","title":{"rendered":"Pol\u00edtica de privadesa"},"content":{"rendered":"\n<p>En compliment de la normativa europea i espanyola aplicable relativa a la protecci\u00f3 de les dades de car\u00e0cter personal, BWELL360, SLU (d&#8217;ara endavant, \u201cBWELL\u201c), titular del domini www.bwellclinic.es (d&#8217;ara endavant, el \u201cLloc Web\u201c) , mant\u00e9 la confidencialitat de les dades personals objecte de tractament dels usuaris que naveguen per la web.<br\/>Les dades de car\u00e0cter personal dels usuaris, incloses en fitxers de qu\u00e8 BWELL \u00e9s responsable, estan protegides segons el nivell de seguretat exigit pel Reglament General Europeu de Protecci\u00f3 de Dades de car\u00e0cter personal, aix\u00ed com de la normativa espanyola que el complementi.<\/p>\n\n<p>BWELL informa que les dades personals que es poden recollir a trav\u00e9s del Lloc Web s&#8217;inclouran en els corresponents fitxers de titularitat de BWELL, amb les finalitats previstes en cada procediment de recollida de dades personals i estrictament pel temps necessari per al compliment de les finalitats esmentades , sempre que, quan escaigui, no hagi manifestat la seva negativa al tractament.<\/p>\n\n<p>Les dades recopilades seran responsabilitat de:<br\/>BWELL360, SLU<br\/>CIF: B67195420<br\/>Adre\u00e7a: Carrer del Doctor Roux, 123. 08017 Barcelona<br\/>Tel\u00e8fon: 931282112<br\/>Correu electr\u00f2nic: info@www.bwellclinic.es.mialias.net<\/p>\n\n<ol class=\"wp-block-list\">\n<li>Tipus de dades sol\u00b7licitades i utilitzades<br\/>Dades facilitades per l&#8217;usuari:<br\/>Les dades personals que l&#8217;usuari facilita volunt\u00e0riament a trav\u00e9s del formulari de contacte s\u00f3n:<br\/>\u2013 Nom i cognoms<br\/>\u2013 Adre\u00e7a de correu electr\u00f2nic<\/li>\n<\/ol>\n\n<p>Dades facilitades indirectament pels usuaris:<br\/>\u2013 Dades derivades de l&#8217;\u00fas del web per part de cada usuari.<br\/>\u2013 Adre\u00e7a IP d&#8217;Internet utilitzada per accedir a la web<br\/>\u2013 Informaci\u00f3 sobre dispositiu mitjan\u00e7ant el qual s&#8217;accedeix a la web, com ara l&#8217;ordinador o el m\u00f2bil.<br\/>\u2013 El n\u00famero de \u201ccookie\u201d de l&#8217;Usuari, veure Pol\u00edtica de Cookies. (posar link a Cookies)<br\/>\u2013 L&#8217;historial de navegaci\u00f3 i les prefer\u00e8ncies de l&#8217;usuari.<br\/>\u2013 Dades derivades de l&#8217;origen de l&#8217;usuari: si l&#8217;usuari arriba a la web a trav\u00e9s d&#8217;una font<\/p>\n\n<ol class=\"wp-block-list\" start=\"2\">\n<li>Legitimaci\u00f3<br\/>BWELL tractar\u00e0 les dades dels usuaris per poder donar resposta a les consultes plantejades pels usuaris a trav\u00e9s del formulari de contacte. BWELL tractar\u00e0 les dades sobre la base de l&#8217;execuci\u00f3 de la consulta realitzada per l&#8217;usuari a BWELL aix\u00ed com a trav\u00e9s del consentiment que prestin les mateixes al formulari de contacte present a la Web per a l&#8217;enviament de publicitat i promocions pr\u00f2pies de BWELL.<\/li>\n\n\n\n<li>Finalitats<br\/>Les dades recollides de cada usuari s&#8217;utilitzaran per a les finalitats seg\u00fcents:<br\/>\u2013 Prestar el servei sol\u00b7licitat per l&#8217;usuari<br\/>\u2013 Publicitar els productes i serveis de BWELL que siguin d&#8217;inter\u00e8s de l&#8217;usuari, sempre que l&#8217;usuari hagi donat el consentiment a aquesta finalitat.<\/li>\n\n\n\n<li>Temps de conservaci\u00f3<br\/>Les dades personals proporcionades es conservaran mentre l&#8217;interessat no la sol\u00b7liciti la supressi\u00f3 durant un termini de 36 mesos des de l&#8217;\u00faltima interacci\u00f3 amb la p\u00e0gina web, llevat que hi hagi alguna altra relaci\u00f3 entre l&#8217;Usuari i BWELL que impedeixi la supressi\u00f3 de les dades.<\/li>\n\n\n\n<li>Dades que es comparteixen<br\/>Per poder donar compliment a les obligacions de BWELL, aix\u00ed com per oferir tots els serveis de la Web, BWELL podr\u00e0 compartir les dades dels usuaris amb:<br\/>\u2013 Prove\u00efdors de serveis que prestin serveis d&#8217;allotjament web, servidors o altres fins semblants.<br\/>\u2013 Empreses de seguretat i Forces i Cossos de Seguretat. Es podr\u00e0 divulgar informaci\u00f3 personal i dades de comptes dels nostres clients quan cregui que la seva divulgaci\u00f3 \u00e9s necess\u00e0ria per al compliment de la llei, per protegir els drets, la propietat o la seguretat de BWELL, els seus usuaris o tercers. Aix\u00f2 inclou, per tant, lintercanvi dinformaci\u00f3 amb altres societats i organitzacions, aix\u00ed com amb Forces i Cossos de Seguretat per a la protecci\u00f3 dels drets de les parts implicades.<br\/>&#8211; Amb el requeriment legal previ, BWELL podr\u00e0 compartir informaci\u00f3 amb organismes d&#8217;autoritats executives i\/o tercers pel que fa a peticions d&#8217;informaci\u00f3 relatives a investigacions de car\u00e0cter penal i presumptes activitats il\u00b7legals.<br\/>BWELL podr\u00e0 sol\u00b7licitar m\u00e9s dades personals que les anteriorment descrites, informant a l&#8217;usuari de forma pr\u00e8via a la recollida sobre els usos i finalitats.<\/li>\n<\/ol>\n\n<p>Respecte de les dades personals sol\u00b7licitades a trav\u00e9s del formulari de contacte, caldr\u00e0 que l&#8217;usuari aporti, almenys, aquelles en qu\u00e8 aparegui el camp \u201crequerit\u201d o \u201crequired\u201d. Si l&#8217;usuari no subministra les dades considerades necess\u00e0ries, BWELL no podr\u00e0 acceptar ni gestionar la sol\u00b7licitud o consulta formulada per l&#8217;usuari.<\/p>\n\n<p>L&#8217;usuari garanteix que les dades aportades s\u00f3n vertaderes, exactes i actualitzades, i \u00e9s responsable de qualsevol dany o perjudici, directe o indirecte, que es pugui ocasionar com a conseq\u00fc\u00e8ncia de l&#8217;incompliment d&#8217;aquesta obligaci\u00f3. En el cas que les dades aportades pertanyessin a un tercer, l&#8217;usuari garanteix que ha informat el tercer dels aspectes continguts en aquest document i que ha obtingut la corresponent autoritzaci\u00f3 per facilitar les seves dades a BWELL per als fins assenyalats.<br\/>En cas que un usuari vulgui obtenir algun aclariment en relaci\u00f3 a la confidencialitat sobre el tractament de les dades, o b\u00e9 vulgui exercir algun dels drets d&#8217;acc\u00e9s, oposici\u00f3, rectificaci\u00f3, supressi\u00f3, limitaci\u00f3, portabilitat i\/o cancel\u00b7laci\u00f3, aix\u00ed com qualsevol un altre dret que legalment li correspongui, podeu adre\u00e7ar-vos per correu electr\u00f2nic info@www.bwellclinic.es.mialias.net acompanyant a la sol\u00b7licitud una fotoc\u00f2pia del DNI.<\/p>\n","protected":false},"excerpt":{"rendered":"<p>En compliment de la normativa europea i espanyola aplicable relativa a la protecci\u00f3 de les dades de car\u00e0cter personal, BWELL360, SLU (d&#8217;ara endavant, \u201cBWELL\u201c), titular del domini www.bwellclinic.es (d&#8217;ara endavant, el \u201cLloc Web\u201c) , mant\u00e9 la confidencialitat de les dades personals objecte de tractament dels usuaris que naveguen per la web.Les dades de car\u00e0cter personal [&hellip;]<\/p>\n","protected":false},"author":2,"featured_media":0,"parent":0,"menu_order":100,"comment_status":"closed","ping_status":"closed","template":"","meta":{"_joinchat":[],"footnotes":""},"class_list":["post-1150","page","type-page","status-publish","hentry"],"_links":{"self":[{"href":"https:\/\/bwellclinic.es\/ca\/wp-json\/wp\/v2\/pages\/1150","targetHints":{"allow":["GET"]}}],"collection":[{"href":"https:\/\/bwellclinic.es\/ca\/wp-json\/wp\/v2\/pages"}],"about":[{"href":"https:\/\/bwellclinic.es\/ca\/wp-json\/wp\/v2\/types\/page"}],"author":[{"embeddable":true,"href":"https:\/\/bwellclinic.es\/ca\/wp-json\/wp\/v2\/users\/2"}],"replies":[{"embeddable":true,"href":"https:\/\/bwellclinic.es\/ca\/wp-json\/wp\/v2\/comments?post=1150"}],"version-history":[{"count":3,"href":"https:\/\/bwellclinic.es\/ca\/wp-json\/wp\/v2\/pages\/1150\/revisions"}],"predecessor-version":[{"id":1158,"href":"https:\/\/bwellclinic.es\/ca\/wp-json\/wp\/v2\/pages\/1150\/revisions\/1158"}],"wp:attachment":[{"href":"https:\/\/bwellclinic.es\/ca\/wp-json\/wp\/v2\/media?parent=1150"}],"curies":[{"name":"wp","href":"https:\/\/api.w.org\/{rel}","templated":true}]}}